{"id":5508,"date":"2024-08-08T16:27:27","date_gmt":"2024-08-08T16:27:27","guid":{"rendered":"https:\/\/linai.cz\/?post_type=product&#038;p=5508"},"modified":"2025-11-07T07:42:20","modified_gmt":"2025-11-07T07:42:20","slug":"lneny-behoun-boruvela","status":"publish","type":"product","link":"https:\/\/linai.cz\/de\/produkt\/lneny-behoun-boruvela\/","title":{"rendered":"Ln\u011bn\u00fd b\u011bhoun Bor\u016fvela"},"content":{"rendered":"<p class=\"qtranxs-available-languages-message qtranxs-available-languages-message-de\">Leider ist der Eintrag nur auf <a href=\"https:\/\/linai.cz\/cs\/wp-json\/wp\/v2\/product\/5508\" class=\"qtranxs-available-language-link qtranxs-available-language-link-cs\" title=\"\u010ce\u0161tina\">Tschechisch<\/a> und <a href=\"https:\/\/linai.cz\/en\/wp-json\/wp\/v2\/product\/5508\" class=\"qtranxs-available-language-link qtranxs-available-language-link-en\" title=\"English\">Amerikanisches Englisch<\/a> verf\u00fcgbar.<\/p>","protected":false},"excerpt":{"rendered":"<p>Leider ist der Eintrag nur auf Tschechisch und Amerikanisches Englisch verf\u00fcgbar.<\/p>\n","protected":false},"featured_media":5512,"template":"","meta":{"inline_featured_image":false},"product_cat":[166],"product_tag":[],"aioseo_notices":[],"_links":{"self":[{"href":"https:\/\/linai.cz\/de\/wp-json\/wp\/v2\/product\/5508"}],"collection":[{"href":"https:\/\/linai.cz\/de\/wp-json\/wp\/v2\/product"}],"about":[{"href":"https:\/\/linai.cz\/de\/wp-json\/wp\/v2\/types\/product"}],"wp:featuredmedia":[{"embeddable":true,"href":"https:\/\/linai.cz\/de\/wp-json\/wp\/v2\/media\/5512"}],"wp:attachment":[{"href":"https:\/\/linai.cz\/de\/wp-json\/wp\/v2\/media?parent=5508"}],"wp:term":[{"taxonomy":"product_cat","embeddable":true,"href":"https:\/\/linai.cz\/de\/wp-json\/wp\/v2\/product_cat?post=5508"},{"taxonomy":"product_tag","embeddable":true,"href":"https:\/\/linai.cz\/de\/wp-json\/wp\/v2\/product_tag?post=5508"}],"curies":[{"name":"wp","href":"https:\/\/api.w.org\/{rel}","templated":true}]}}