{"id":6722,"date":"2025-03-02T11:26:34","date_gmt":"2025-03-02T11:26:34","guid":{"rendered":"https:\/\/linai.cz\/?post_type=product&#038;p=6722"},"modified":"2025-10-26T11:54:15","modified_gmt":"2025-10-26T11:54:15","slug":"lneny-behoun-astrid","status":"publish","type":"product","link":"https:\/\/linai.cz\/de\/produkt\/lneny-behoun-astrid\/","title":{"rendered":"Ln\u011bn\u00fd b\u011bhoun Astrid"},"content":{"rendered":"<p class=\"qtranxs-available-languages-message qtranxs-available-languages-message-de\">Leider ist der Eintrag nur auf <a href=\"https:\/\/linai.cz\/cs\/wp-json\/wp\/v2\/product\/6722\" class=\"qtranxs-available-language-link qtranxs-available-language-link-cs\" title=\"\u010ce\u0161tina\">Tschechisch<\/a> und <a href=\"https:\/\/linai.cz\/en\/wp-json\/wp\/v2\/product\/6722\" class=\"qtranxs-available-language-link qtranxs-available-language-link-en\" title=\"English\">Amerikanisches Englisch<\/a> verf\u00fcgbar.<\/p>","protected":false},"excerpt":{"rendered":"<p>Leider ist der Eintrag nur auf Tschechisch und Amerikanisches Englisch verf\u00fcgbar.<\/p>\n","protected":false},"featured_media":7135,"template":"","meta":{"inline_featured_image":false},"product_cat":[89],"product_tag":[],"aioseo_notices":[],"_links":{"self":[{"href":"https:\/\/linai.cz\/de\/wp-json\/wp\/v2\/product\/6722"}],"collection":[{"href":"https:\/\/linai.cz\/de\/wp-json\/wp\/v2\/product"}],"about":[{"href":"https:\/\/linai.cz\/de\/wp-json\/wp\/v2\/types\/product"}],"wp:featuredmedia":[{"embeddable":true,"href":"https:\/\/linai.cz\/de\/wp-json\/wp\/v2\/media\/7135"}],"wp:attachment":[{"href":"https:\/\/linai.cz\/de\/wp-json\/wp\/v2\/media?parent=6722"}],"wp:term":[{"taxonomy":"product_cat","embeddable":true,"href":"https:\/\/linai.cz\/de\/wp-json\/wp\/v2\/product_cat?post=6722"},{"taxonomy":"product_tag","embeddable":true,"href":"https:\/\/linai.cz\/de\/wp-json\/wp\/v2\/product_tag?post=6722"}],"curies":[{"name":"wp","href":"https:\/\/api.w.org\/{rel}","templated":true}]}}