{"id":7190,"date":"2025-05-13T08:48:09","date_gmt":"2025-05-13T08:48:09","guid":{"rendered":"https:\/\/linai.cz\/?post_type=product&#038;p=7190"},"modified":"2026-02-24T18:33:42","modified_gmt":"2026-02-24T18:33:42","slug":"lnene-kratasy","status":"publish","type":"product","link":"https:\/\/linai.cz\/de\/produkt\/lnene-kratasy\/","title":{"rendered":"Ln\u011bn\u00e9 kra\u0165asy"},"content":{"rendered":"<p class=\"qtranxs-available-languages-message qtranxs-available-languages-message-de\">Leider ist der Eintrag nur auf <a href=\"https:\/\/linai.cz\/cs\/wp-json\/wp\/v2\/product\/7190\" class=\"qtranxs-available-language-link qtranxs-available-language-link-cs\" title=\"\u010ce\u0161tina\">Tschechisch<\/a> und <a href=\"https:\/\/linai.cz\/en\/wp-json\/wp\/v2\/product\/7190\" class=\"qtranxs-available-language-link qtranxs-available-language-link-en\" title=\"English\">Amerikanisches Englisch<\/a> verf\u00fcgbar.<\/p>","protected":false},"excerpt":{"rendered":"<p>Leider ist der Eintrag nur auf Tschechisch und Amerikanisches Englisch verf\u00fcgbar.<\/p>\n","protected":false},"featured_media":7199,"template":"","meta":{"inline_featured_image":false},"product_cat":[171,166],"product_tag":[],"aioseo_notices":[],"_links":{"self":[{"href":"https:\/\/linai.cz\/de\/wp-json\/wp\/v2\/product\/7190"}],"collection":[{"href":"https:\/\/linai.cz\/de\/wp-json\/wp\/v2\/product"}],"about":[{"href":"https:\/\/linai.cz\/de\/wp-json\/wp\/v2\/types\/product"}],"wp:featuredmedia":[{"embeddable":true,"href":"https:\/\/linai.cz\/de\/wp-json\/wp\/v2\/media\/7199"}],"wp:attachment":[{"href":"https:\/\/linai.cz\/de\/wp-json\/wp\/v2\/media?parent=7190"}],"wp:term":[{"taxonomy":"product_cat","embeddable":true,"href":"https:\/\/linai.cz\/de\/wp-json\/wp\/v2\/product_cat?post=7190"},{"taxonomy":"product_tag","embeddable":true,"href":"https:\/\/linai.cz\/de\/wp-json\/wp\/v2\/product_tag?post=7190"}],"curies":[{"name":"wp","href":"https:\/\/api.w.org\/{rel}","templated":true}]}}