{"id":8317,"date":"2026-02-14T10:13:27","date_gmt":"2026-02-14T10:13:27","guid":{"rendered":"https:\/\/linai.cz\/?post_type=product&#038;p=8317"},"modified":"2026-02-14T10:15:39","modified_gmt":"2026-02-14T10:15:39","slug":"kuchynska-uterka-srdicka-2","status":"publish","type":"product","link":"https:\/\/linai.cz\/de\/produkt\/kuchynska-uterka-srdicka-2\/","title":{"rendered":"Kuchy\u0148sk\u00e1 ut\u011brka Srd\u00ed\u010dka"},"content":{"rendered":"<p class=\"qtranxs-available-languages-message qtranxs-available-languages-message-de\">Leider ist der Eintrag nur auf <a href=\"https:\/\/linai.cz\/cs\/wp-json\/wp\/v2\/product\/8317\" class=\"qtranxs-available-language-link qtranxs-available-language-link-cs\" title=\"\u010ce\u0161tina\">Tschechisch<\/a> und <a href=\"https:\/\/linai.cz\/en\/wp-json\/wp\/v2\/product\/8317\" class=\"qtranxs-available-language-link qtranxs-available-language-link-en\" title=\"English\">Amerikanisches Englisch<\/a> verf\u00fcgbar.<\/p>","protected":false},"excerpt":{"rendered":"<p class=\"qtranxs-available-languages-message qtranxs-available-languages-message-de\">Leider ist der Eintrag nur auf <a href=\"https:\/\/linai.cz\/cs\/wp-json\/wp\/v2\/product\/8317\" class=\"qtranxs-available-language-link qtranxs-available-language-link-cs\" title=\"\u010ce\u0161tina\">Tschechisch<\/a> und <a href=\"https:\/\/linai.cz\/en\/wp-json\/wp\/v2\/product\/8317\" class=\"qtranxs-available-language-link qtranxs-available-language-link-en\" title=\"English\">Amerikanisches Englisch<\/a> verf\u00fcgbar.<\/p>\n","protected":false},"featured_media":8318,"template":"","meta":{"inline_featured_image":false},"product_cat":[16],"product_tag":[],"aioseo_notices":[],"_links":{"self":[{"href":"https:\/\/linai.cz\/de\/wp-json\/wp\/v2\/product\/8317"}],"collection":[{"href":"https:\/\/linai.cz\/de\/wp-json\/wp\/v2\/product"}],"about":[{"href":"https:\/\/linai.cz\/de\/wp-json\/wp\/v2\/types\/product"}],"wp:featuredmedia":[{"embeddable":true,"href":"https:\/\/linai.cz\/de\/wp-json\/wp\/v2\/media\/8318"}],"wp:attachment":[{"href":"https:\/\/linai.cz\/de\/wp-json\/wp\/v2\/media?parent=8317"}],"wp:term":[{"taxonomy":"product_cat","embeddable":true,"href":"https:\/\/linai.cz\/de\/wp-json\/wp\/v2\/product_cat?post=8317"},{"taxonomy":"product_tag","embeddable":true,"href":"https:\/\/linai.cz\/de\/wp-json\/wp\/v2\/product_tag?post=8317"}],"curies":[{"name":"wp","href":"https:\/\/api.w.org\/{rel}","templated":true}]}}