{"id":8546,"date":"2026-03-23T10:48:02","date_gmt":"2026-03-23T10:48:02","guid":{"rendered":"https:\/\/linai.cz\/?post_type=product&#038;p=8546"},"modified":"2026-04-01T07:59:31","modified_gmt":"2026-04-01T07:59:31","slug":"kuchynska-uterka-velikonocni-len-bavlna","status":"publish","type":"product","link":"https:\/\/linai.cz\/de\/produkt\/oster-kuchenhandtuch-leinen-und-baumwolle\/","title":{"rendered":"Oster-K\u00fcchenhandtuch \u2013 Leinen und Baumwolle"},"content":{"rendered":"<p>Keine Angst, wenn es schmutzig wird!<\/p>\n<p>Es ist nicht nur ein dekoratives K\u00fcchentuch f\u00fcr Ostern. Ein Geschirrtuch muss schlie\u00dflich auch seinen Zweck erf\u00fcllen. Der h\u00fcbsche Fr\u00fchlingsdruck ist dabei ein wunderbarer Bonus.<\/p>\n<p>Der Stoff hat eine nat\u00fcrliche Farbe, typisch f\u00fcr Leinen. Dadurch ist er zudem sehr saugf\u00e4hig. Die Baumwolle sorgt daf\u00fcr, dass das Geschirrtuch kaum knittert.<\/p>\n<p>Ein Geschirrtuch aus Leinen-Baumwoll-Mischgewebe ist eine hervorragende Wahl f\u00fcr Ihre K\u00fcche.<\/p>\n<p>Ma\u00dfe: 45 x 65 cm<\/p>","protected":false},"excerpt":{"rendered":"<p>Diese Leinenhandt\u00fccher sehen toll aus und verleihen Ihrer K\u00fcche ein rustikales Flair. Reines Leinen ist mit einem roten Streifenmuster verziert.<\/p>\n<p>Leinen ist ein \u00f6kologisches Material. Die Naturfaser absorbiert Feuchtigkeit besser als Baumwolle und trocknet schneller. Sie werden jahrelang Freude daran haben.<\/p>\n<p>Material: 100 % Leinen<\/p>\n<p>Ma\u00dfe: 45 x 65 cm<\/p>\n<p>Wir empfehlen, die Handt\u00fccher bei 40 \u00b0C im W\u00e4schesack zu waschen, um die Farben zu erhalten.<\/p>\n","protected":false},"featured_media":8548,"template":"","meta":{"inline_featured_image":false},"product_cat":[16],"product_tag":[],"aioseo_notices":[],"_links":{"self":[{"href":"https:\/\/linai.cz\/de\/wp-json\/wp\/v2\/product\/8546"}],"collection":[{"href":"https:\/\/linai.cz\/de\/wp-json\/wp\/v2\/product"}],"about":[{"href":"https:\/\/linai.cz\/de\/wp-json\/wp\/v2\/types\/product"}],"wp:featuredmedia":[{"embeddable":true,"href":"https:\/\/linai.cz\/de\/wp-json\/wp\/v2\/media\/8548"}],"wp:attachment":[{"href":"https:\/\/linai.cz\/de\/wp-json\/wp\/v2\/media?parent=8546"}],"wp:term":[{"taxonomy":"product_cat","embeddable":true,"href":"https:\/\/linai.cz\/de\/wp-json\/wp\/v2\/product_cat?post=8546"},{"taxonomy":"product_tag","embeddable":true,"href":"https:\/\/linai.cz\/de\/wp-json\/wp\/v2\/product_tag?post=8546"}],"curies":[{"name":"wp","href":"https:\/\/api.w.org\/{rel}","templated":true}]}}