{"id":935,"date":"2020-10-12T09:13:34","date_gmt":"2020-10-12T09:13:34","guid":{"rendered":"https:\/\/linai.cz\/?post_type=product&#038;p=935"},"modified":"2026-02-13T11:15:48","modified_gmt":"2026-02-13T11:15:48","slug":"kuchynska-uterka-cervena-liska-v-pampelisce","status":"publish","type":"product","link":"https:\/\/linai.cz\/de\/produkt\/kuchynska-uterka-cervena-liska-v-pampelisce\/","title":{"rendered":"Kuchy\u0148sk\u00e1 ut\u011brka \u010derven\u00e1 li\u0161ka v pampeli\u0161ce"},"content":{"rendered":"<p class=\"qtranxs-available-languages-message qtranxs-available-languages-message-de\">Leider ist der Eintrag nur auf <a href=\"https:\/\/linai.cz\/cs\/wp-json\/wp\/v2\/product\/935\" class=\"qtranxs-available-language-link qtranxs-available-language-link-cs\" title=\"\u010ce\u0161tina\">Tschechisch<\/a> und <a href=\"https:\/\/linai.cz\/en\/wp-json\/wp\/v2\/product\/935\" class=\"qtranxs-available-language-link qtranxs-available-language-link-en\" title=\"English\">Amerikanisches Englisch<\/a> verf\u00fcgbar.<\/p>","protected":false},"excerpt":{"rendered":"<p class=\"qtranxs-available-languages-message qtranxs-available-languages-message-de\">Leider ist der Eintrag nur auf <a href=\"https:\/\/linai.cz\/cs\/wp-json\/wp\/v2\/product\/935\" class=\"qtranxs-available-language-link qtranxs-available-language-link-cs\" title=\"\u010ce\u0161tina\">Tschechisch<\/a> und <a href=\"https:\/\/linai.cz\/en\/wp-json\/wp\/v2\/product\/935\" class=\"qtranxs-available-language-link qtranxs-available-language-link-en\" title=\"English\">Amerikanisches Englisch<\/a> verf\u00fcgbar.<\/p>\n","protected":false},"featured_media":107,"template":"","meta":{"inline_featured_image":false},"product_cat":[16],"product_tag":[],"aioseo_notices":[],"_links":{"self":[{"href":"https:\/\/linai.cz\/de\/wp-json\/wp\/v2\/product\/935"}],"collection":[{"href":"https:\/\/linai.cz\/de\/wp-json\/wp\/v2\/product"}],"about":[{"href":"https:\/\/linai.cz\/de\/wp-json\/wp\/v2\/types\/product"}],"wp:featuredmedia":[{"embeddable":true,"href":"https:\/\/linai.cz\/de\/wp-json\/wp\/v2\/media\/107"}],"wp:attachment":[{"href":"https:\/\/linai.cz\/de\/wp-json\/wp\/v2\/media?parent=935"}],"wp:term":[{"taxonomy":"product_cat","embeddable":true,"href":"https:\/\/linai.cz\/de\/wp-json\/wp\/v2\/product_cat?post=935"},{"taxonomy":"product_tag","embeddable":true,"href":"https:\/\/linai.cz\/de\/wp-json\/wp\/v2\/product_tag?post=935"}],"curies":[{"name":"wp","href":"https:\/\/api.w.org\/{rel}","templated":true}]}}