{"id":291,"date":"2020-09-17T10:04:42","date_gmt":"2020-09-17T10:04:42","guid":{"rendered":"https:\/\/works.nightfish.cz\/linai.cz\/?page_id=291"},"modified":"2024-01-03T17:10:20","modified_gmt":"2024-01-03T17:10:20","slug":"291-2","status":"publish","type":"page","link":"https:\/\/linai.cz\/en\/payment\/","title":{"rendered":"Payment"},"content":{"rendered":"<p><\/p>\n<p style=\"text-align: left;\">Platbu lze prov\u00e1d\u011bt pouze p\u0159evodem na \u00fa\u010det 2501203577\/2010, IBAN: CZ8120100000002501203577, SWIFT: FIOBCZPPXXX, veden\u00fd u FIO banky, a.s. Variabiln\u00ed symbol i ve\u0161ker\u00e9 \u00fadaje pot\u0159ebn\u00e9 pro platbu V\u00e1m budou doru\u010deny na e-mail, p\u0159\u00edpadn\u011b je uvid\u00edte v posledn\u00edm kroku objedn\u00e1vky. Objedn\u00e1vka bude odesl\u00e1na nejpozd\u011bji do 7 pracovn\u00edch dn\u016f po p\u0159ips\u00e1n\u00ed platby na \u00fa\u010det (p\u0159evod mezi \u010desk\u00fdmi bankami trv\u00e1 obvykle 1 pracovn\u00ed den).\u200b<\/p>\n<p style=\"text-align: center;\">\u200b<br \/>\n\u200b<\/p>\n<h2 style=\"text-align: center;\">Odstoupen\u00ed od smlouvy<\/h2>\n<p style=\"text-align: center;\">Vzhledem k tomu, \u017ee v p\u0159\u00edpad\u011b odstoupen\u00ed se smlouva od po\u010d\u00e1tku ru\u0161\u00ed, vr\u00e1t\u00ed nebo nahrad\u00ed prodejce z\u00e1kazn\u00edkovi a z\u00e1kazn\u00edk prodejci ve\u0161ker\u00e1 p\u0159ijat\u00e1 pln\u011bn\u00ed.<\/p>\n<p style=\"text-align: center;\">Z\u00e1kazn\u00edk m\u016f\u017ee od smlouvy odstoupit tak, \u017ee tuto skute\u010dnost ozn\u00e1m\u00ed prodejci, nap\u0159. elektronicky na emailovou adresu nebo tuto skute\u010dnost ozn\u00e1m\u00ed p\u00edsemn\u011b na adresu provozovatele.<\/p>\n<p style=\"text-align: center;\">P\u0159i odstoupen\u00ed doporu\u010dujeme uv\u00e9st: \u010d\u00edslo objedn\u00e1vky a datum n\u00e1kupu a p\u0159edlo\u017eit origin\u00e1l nebo kopii dokladu o koupi zbo\u017e\u00ed.<\/p>\n<p style=\"text-align: center;\">Z\u00e1silky, ze kter\u00fdch nen\u00ed patrn\u00e9, pro\u010d k n\u00e1m byly zasl\u00e1ny, budou vr\u00e1ceny odes\u00edlateli. Pokud ji\u017e z\u00e1kazn\u00edk zbo\u017e\u00ed obdr\u017eel a p\u0159evzal, za\u0161le zbo\u017e\u00ed zp\u011bt na adresu prodejce, kde prodejce bez zbyte\u010dn\u00e9ho odkladu posoud\u00ed stav vr\u00e1cen\u00e9ho zbo\u017e\u00ed.<\/p>\n<p style=\"text-align: center;\">Pro vr\u00e1cen\u00ed pln\u00e9 \u010d\u00e1stky mus\u00ed b\u00fdt zbo\u017e\u00ed zaslan\u00e9 zp\u011bt prodejci v neporu\u0161en\u00e9m stavu, nepo\u0161kozen\u00e9, nerozbalen\u00e9, kompletn\u00ed (v\u010detn\u011b v\u0161ech poskytnut\u00fdch doklad\u016f a origin\u00e1ln\u00edho obalu).<\/p>\n<p><\/p>","protected":false},"excerpt":{"rendered":"<p>Platbu lze prov\u00e1d\u011bt pouze p\u0159evodem na \u00fa\u010det 2501203577\/2010, IBAN: CZ8120100000002501203577, SWIFT: FIOBCZPPXXX, veden\u00fd u FIO banky, a.s. Variabiln\u00ed symbol i ve\u0161ker\u00e9 \u00fadaje pot\u0159ebn\u00e9 pro platbu V\u00e1m budou doru\u010deny na e-mail, p\u0159\u00edpadn\u011b je uvid\u00edte v posledn\u00edm kroku objedn\u00e1vky. Objedn\u00e1vka bude odesl\u00e1na nejpozd\u011bji do 7 pracovn\u00edch dn\u016f po p\u0159ips\u00e1n\u00ed platby na \u00fa\u010det (p\u0159evod mezi \u010desk\u00fdmi bankami trv\u00e1 [&hellip;]<\/p>\n","protected":false},"author":1,"featured_media":0,"parent":0,"menu_order":0,"comment_status":"closed","ping_status":"closed","template":"","meta":{"inline_featured_image":false,"footnotes":""},"aioseo_notices":[],"_links":{"self":[{"href":"https:\/\/linai.cz\/en\/wp-json\/wp\/v2\/pages\/291"}],"collection":[{"href":"https:\/\/linai.cz\/en\/wp-json\/wp\/v2\/pages"}],"about":[{"href":"https:\/\/linai.cz\/en\/wp-json\/wp\/v2\/types\/page"}],"author":[{"embeddable":true,"href":"https:\/\/linai.cz\/en\/wp-json\/wp\/v2\/users\/1"}],"replies":[{"embeddable":true,"href":"https:\/\/linai.cz\/en\/wp-json\/wp\/v2\/comments?post=291"}],"version-history":[{"count":5,"href":"https:\/\/linai.cz\/en\/wp-json\/wp\/v2\/pages\/291\/revisions"}],"predecessor-version":[{"id":4513,"href":"https:\/\/linai.cz\/en\/wp-json\/wp\/v2\/pages\/291\/revisions\/4513"}],"wp:attachment":[{"href":"https:\/\/linai.cz\/en\/wp-json\/wp\/v2\/media?parent=291"}],"curies":[{"name":"wp","href":"https:\/\/api.w.org\/{rel}","templated":true}]}}