{"id":773,"date":"2020-10-06T07:49:50","date_gmt":"2020-10-06T07:49:50","guid":{"rendered":"https:\/\/works.nightfish.cz\/linai.cz\/?page_id=773"},"modified":"2023-08-16T08:55:30","modified_gmt":"2023-08-16T08:55:30","slug":"doprava","status":"publish","type":"page","link":"https:\/\/linai.cz\/en\/shipping\/","title":{"rendered":"Shipping"},"content":{"rendered":"<p>Va\u0161i objedn\u00e1vku se sna\u017e\u00edme vy\u0159\u00eddit max. do 7 pracovn\u00edch dn\u016f od p\u0159ijet\u00ed platby na bankovn\u00ed \u00fa\u010det. Pokud se jedn\u00e1 o zbo\u017e\u00ed na zak\u00e1zku, doba dod\u00e1n\u00ed je na individu\u00e1ln\u00ed domluv\u011b. Pokud nebudeme z jak\u00fdchkoliv d\u016fvod\u016f schopni Va\u0161\u00ed dod\u00e1vku vy\u0159\u00eddit, ihned V\u00e1s na tuto skute\u010dnost upozorn\u00edme.<\/p>\n<p>\u200b<\/p>\n<p>P\u0159i objedn\u00e1vce nad 3000 K\u010d je doprava ZDARMA!<\/p>\n<p>\u200b\u200b* Doprava v \u010cR &#8211; Kur\u00fdrn\u00ed slu\u017ebou (DPD, Geiss 88 K\u010d)<\/p>\n<p>\u200b* Z\u00e1silkovna &#8211; ulo\u017eeno 65 K\u010d (ve zpr\u00e1v\u011b nutno uv\u00e1d\u011bt v\u00fddejn\u00ed m\u00edsto)<\/p>\n<p>\u200b\u200b* Doprava na Slovensko (\u010cesk\u00e1 po\u0161ta, 159 K\u010d)<\/p>","protected":false},"excerpt":{"rendered":"<p>Va\u0161i objedn\u00e1vku se sna\u017e\u00edme vy\u0159\u00eddit max. do 7 pracovn\u00edch dn\u016f od p\u0159ijet\u00ed platby na bankovn\u00ed \u00fa\u010det. Pokud se jedn\u00e1 o zbo\u017e\u00ed na zak\u00e1zku, doba dod\u00e1n\u00ed je na individu\u00e1ln\u00ed domluv\u011b. Pokud nebudeme z jak\u00fdchkoliv d\u016fvod\u016f schopni Va\u0161\u00ed dod\u00e1vku vy\u0159\u00eddit, ihned V\u00e1s na tuto skute\u010dnost upozorn\u00edme. \u200b P\u0159i objedn\u00e1vce nad 3000 K\u010d je doprava ZDARMA! \u200b\u200b* Doprava [&hellip;]<\/p>\n","protected":false},"author":1,"featured_media":0,"parent":0,"menu_order":0,"comment_status":"closed","ping_status":"closed","template":"","meta":{"inline_featured_image":false,"footnotes":""},"aioseo_notices":[],"_links":{"self":[{"href":"https:\/\/linai.cz\/en\/wp-json\/wp\/v2\/pages\/773"}],"collection":[{"href":"https:\/\/linai.cz\/en\/wp-json\/wp\/v2\/pages"}],"about":[{"href":"https:\/\/linai.cz\/en\/wp-json\/wp\/v2\/types\/page"}],"author":[{"embeddable":true,"href":"https:\/\/linai.cz\/en\/wp-json\/wp\/v2\/users\/1"}],"replies":[{"embeddable":true,"href":"https:\/\/linai.cz\/en\/wp-json\/wp\/v2\/comments?post=773"}],"version-history":[{"count":3,"href":"https:\/\/linai.cz\/en\/wp-json\/wp\/v2\/pages\/773\/revisions"}],"predecessor-version":[{"id":4243,"href":"https:\/\/linai.cz\/en\/wp-json\/wp\/v2\/pages\/773\/revisions\/4243"}],"wp:attachment":[{"href":"https:\/\/linai.cz\/en\/wp-json\/wp\/v2\/media?parent=773"}],"curies":[{"name":"wp","href":"https:\/\/api.w.org\/{rel}","templated":true}]}}