{"id":7366,"date":"2025-06-27T08:55:02","date_gmt":"2025-06-27T08:55:02","guid":{"rendered":"https:\/\/linai.cz\/?post_type=product&#038;p=7366"},"modified":"2025-10-20T08:12:21","modified_gmt":"2025-10-20T08:12:21","slug":"lnene-povleceni-cottage-natural","status":"publish","type":"product","link":"https:\/\/linai.cz\/en\/product\/linen-duvet-cover-set-cottage-natural\/","title":{"rendered":"Linen duvet cover set  Cottage Natural"},"content":{"rendered":"<p><\/p>\n<p id=\"tw-target-text\" class=\"tw-data-text tw-text-large tw-ta\" dir=\"ltr\" data-placeholder=\"P\u0159eklad\" data-ved=\"2ahUKEwja_8yfnpGOAxU6VPEDHaVCIRkQ3ewLegQICRAV\" aria-label=\"P\u0159elo\u017een\u00fd text: Striped bedding that will take you back to your grandmother's bedroom.\n\nThe stripes are woven on pure natural linen or white. There are two versions available - natural and natural or white and natural.\"><span class=\"Y2IQFc\" lang=\"en\">Striped bedding that will take you back to your grandmother&#8217;s bedroom. The stripes are woven on pure natural linen or white. There are two versions available &#8211; natural and natural or white and natural.<\/span><\/p>\n<p><span class=\"tlid-translation translation\" lang=\"en\"><span class=\"\" title=\"\">Size 140&#215;200 cm and 70&#215;90 cm in stock.<\/span> <span class=\"VIiyi\" lang=\"en\"><span class=\"JLqJ4b ChMk0b\" data-language-for-alternatives=\"en\" data-language-to-translate-into=\"cs\" data-phrase-index=\"0\">We sew double duvets from two pieces.<\/span> <span class=\"JLqJ4b ChMk0b\" data-language-for-alternatives=\"en\" data-language-to-translate-into=\"cs\" data-phrase-index=\"1\">They have a seam in the middle.<\/span><\/span>\u00a0<\/span><\/p>","protected":false},"excerpt":{"rendered":"<p>Linen has amazing properties. It is naturally antibacterial, does not attract and does not absorb dust. So it doesn&#8217;t have to be washed as often as cotton.It is suitable for allergy sufferers &#8211; it is resistant to mold, pollen and dust. Its structure allows air to pass through well and removes moisture &#8211; it cools in summer and warms in winter. It does not generate static electricity, so it reduces the voltage in every bedroom. Len is love at first touch.<\/p>\n","protected":false},"featured_media":7384,"template":"","meta":{"inline_featured_image":false},"product_cat":[59,60],"product_tag":[],"aioseo_notices":[],"_links":{"self":[{"href":"https:\/\/linai.cz\/en\/wp-json\/wp\/v2\/product\/7366"}],"collection":[{"href":"https:\/\/linai.cz\/en\/wp-json\/wp\/v2\/product"}],"about":[{"href":"https:\/\/linai.cz\/en\/wp-json\/wp\/v2\/types\/product"}],"wp:featuredmedia":[{"embeddable":true,"href":"https:\/\/linai.cz\/en\/wp-json\/wp\/v2\/media\/7384"}],"wp:attachment":[{"href":"https:\/\/linai.cz\/en\/wp-json\/wp\/v2\/media?parent=7366"}],"wp:term":[{"taxonomy":"product_cat","embeddable":true,"href":"https:\/\/linai.cz\/en\/wp-json\/wp\/v2\/product_cat?post=7366"},{"taxonomy":"product_tag","embeddable":true,"href":"https:\/\/linai.cz\/en\/wp-json\/wp\/v2\/product_tag?post=7366"}],"curies":[{"name":"wp","href":"https:\/\/api.w.org\/{rel}","templated":true}]}}