{"id":7541,"date":"2025-07-14T14:27:28","date_gmt":"2025-07-14T14:27:28","guid":{"rendered":"https:\/\/linai.cz\/?post_type=product&#038;p=7541"},"modified":"2026-04-14T07:30:09","modified_gmt":"2026-04-14T07:30:09","slug":"lneny-ubrus-fenykl","status":"publish","type":"product","link":"https:\/\/linai.cz\/en\/product\/linen-tablecloth-fennel\/","title":{"rendered":"Linen tablecloth Fennel"},"content":{"rendered":"<p><\/p>\n<pre id=\"tw-target-text\" class=\"tw-data-text tw-text-large tw-ta\" dir=\"ltr\" data-placeholder=\"P\u0159eklad\" data-ved=\"2ahUKEwjxuPq4yLyOAxW6Q_EDHda-IcsQ3ewLegQICRAV\" aria-label=\"P\u0159elo\u017een\u00fd text: For lovers of unconventional flowers.\r\n\r\nLinen tablecloth with a fennel print in a simple style. The pattern is on natural beige linen and will become an unmissable decoration of any family table.\r\n\r\nMaterial - 100% linen.\r\n\r\nMachine washable at 40 \u00b0C.\"><span class=\"Y2IQFc\" lang=\"en\">For lovers of unconventional flowers.\r\n\r\nLinen tablecloth with a fennel print in a simple style. The pattern is on natural beige linen and will become an unmissable decoration of any family table.\r\n\r\nMaterial - 100% linen.\r\n\r\nMachine washable at 40 \u00b0C.<\/span><\/pre>\n<p>&nbsp;<\/p>","protected":false},"excerpt":{"rendered":"<p>We believe that 100% only with its beautiful structure of the material will be the decoration of every family dinner or celebration.<\/p>\n","protected":false},"featured_media":7546,"template":"","meta":{"inline_featured_image":false},"product_cat":[87],"product_tag":[],"aioseo_notices":[],"_links":{"self":[{"href":"https:\/\/linai.cz\/en\/wp-json\/wp\/v2\/product\/7541"}],"collection":[{"href":"https:\/\/linai.cz\/en\/wp-json\/wp\/v2\/product"}],"about":[{"href":"https:\/\/linai.cz\/en\/wp-json\/wp\/v2\/types\/product"}],"wp:featuredmedia":[{"embeddable":true,"href":"https:\/\/linai.cz\/en\/wp-json\/wp\/v2\/media\/7546"}],"wp:attachment":[{"href":"https:\/\/linai.cz\/en\/wp-json\/wp\/v2\/media?parent=7541"}],"wp:term":[{"taxonomy":"product_cat","embeddable":true,"href":"https:\/\/linai.cz\/en\/wp-json\/wp\/v2\/product_cat?post=7541"},{"taxonomy":"product_tag","embeddable":true,"href":"https:\/\/linai.cz\/en\/wp-json\/wp\/v2\/product_tag?post=7541"}],"curies":[{"name":"wp","href":"https:\/\/api.w.org\/{rel}","templated":true}]}}