{"id":8622,"date":"2026-04-17T09:22:43","date_gmt":"2026-04-17T09:22:43","guid":{"rendered":"https:\/\/linai.cz\/?post_type=product&#038;p=8622"},"modified":"2026-04-17T09:34:47","modified_gmt":"2026-04-17T09:34:47","slug":"lneny-ubrus-cottage","status":"publish","type":"product","link":"https:\/\/linai.cz\/en\/product\/linen-tablecloth-cottage\/","title":{"rendered":"Linen tablecloth Cottage"},"content":{"rendered":"<p><\/p>\n<pre id=\"tw-target-text\" class=\"tw-data-text tw-text-large tw-ta\" dir=\"ltr\" tabindex=\"-1\" role=\"text\" data-placeholder=\"P\u0159eklad\" data-ved=\"2ahUKEwizqdGPx_STAxXU9wIHHc0PDxIQ3ewLegQIDBAV\" aria-label=\"P\u0159elo\u017een\u00fd text: For lovers of classics! Linen tablecloth with colorful woven stripes in a white-beige variation. The tablecloth is suitable for both a cottage and a festive table for any family celebration.\"><span class=\"Y2IQFc\" lang=\"en\">For lovers of classics!\r\n\r\nLinen tablecloth with colorful woven stripes in a white-beige variation. \r\nThe tablecloth is suitable for both a cottage and a festive table for any family celebration.<\/span><\/pre>\n<pre id=\"tw-target-text\" class=\"tw-data-text tw-text-large tw-ta\" dir=\"ltr\" tabindex=\"-1\" role=\"text\" data-placeholder=\"P\u0159eklad\" data-ved=\"2ahUKEwizqdGPx_STAxXU9wIHHc0PDxIQ3ewLegQIDBAV\" aria-label=\"P\u0159elo\u017een\u00fd text: Material - 100% linen.\r\n\r\nMachine washable at 40 \u00b0C.\"><span class=\"Y2IQFc\" lang=\"en\">Material - 100% linen.\r\n\r\nMachine washable at 40 \u00b0C.<\/span><\/pre>\n<p>&nbsp;<\/p>","protected":false},"excerpt":{"rendered":"<p>We believe that 100% only with its beautiful structure of the material will be the decoration of every family dinner or celebration.<\/p>\n","protected":false},"featured_media":8630,"template":"","meta":{"inline_featured_image":false},"product_cat":[87],"product_tag":[],"aioseo_notices":[],"_links":{"self":[{"href":"https:\/\/linai.cz\/en\/wp-json\/wp\/v2\/product\/8622"}],"collection":[{"href":"https:\/\/linai.cz\/en\/wp-json\/wp\/v2\/product"}],"about":[{"href":"https:\/\/linai.cz\/en\/wp-json\/wp\/v2\/types\/product"}],"wp:featuredmedia":[{"embeddable":true,"href":"https:\/\/linai.cz\/en\/wp-json\/wp\/v2\/media\/8630"}],"wp:attachment":[{"href":"https:\/\/linai.cz\/en\/wp-json\/wp\/v2\/media?parent=8622"}],"wp:term":[{"taxonomy":"product_cat","embeddable":true,"href":"https:\/\/linai.cz\/en\/wp-json\/wp\/v2\/product_cat?post=8622"},{"taxonomy":"product_tag","embeddable":true,"href":"https:\/\/linai.cz\/en\/wp-json\/wp\/v2\/product_tag?post=8622"}],"curies":[{"name":"wp","href":"https:\/\/api.w.org\/{rel}","templated":true}]}}