{"id":8631,"date":"2026-04-17T09:35:22","date_gmt":"2026-04-17T09:35:22","guid":{"rendered":"https:\/\/linai.cz\/?post_type=product&#038;p=8631"},"modified":"2026-04-17T09:44:19","modified_gmt":"2026-04-17T09:44:19","slug":"lneny-ubrus-peony","status":"publish","type":"product","link":"https:\/\/linai.cz\/en\/product\/linen-tablecloth-peony\/","title":{"rendered":"Linen tablecloth Peony"},"content":{"rendered":"<p><\/p>\n<pre id=\"tw-target-text\" class=\"tw-data-text tw-text-large tw-ta\" dir=\"ltr\" tabindex=\"-1\" role=\"text\" data-placeholder=\"P\u0159eklad\" data-ved=\"2ahUKEwizqdGPx_STAxXU9wIHHc0PDxIQ3ewLegQIDBAV\" aria-label=\"P\u0159elo\u017een\u00fd text: For all romantics torn off the chain!\r\n\r\nLinen tablecloth with a distinctive color palette of peonies will captivate anyone who likes even a little extravagance in classic romance. The tablecloth is suitable for both the table at any family celebration and for a boring interior that needs to be revived.\r\n\r\nMaterial - 100% linen.\r\n\r\nMachine washable at 40 \u00b0C.\"><span class=\"Y2IQFc\" lang=\"en\">For all romantics torn off the chain!\r\n\r\nLinen tablecloth with a distinctive color palette of peonies will captivate anyone who likes even a little extravagance in classic romance. The tablecloth is suitable for both the table at any family celebration and for a boring interior that needs to be revived.\r\n\r\nMaterial - 100% linen.\r\n\r\nMachine washable at 40 \u00b0C.<\/span><\/pre>\n<p>&nbsp;<\/p>","protected":false},"excerpt":{"rendered":"<p>We believe that 100% only with its beautiful structure of the material will be the decoration of every family dinner or celebration.<\/p>\n","protected":false},"featured_media":8636,"template":"","meta":{"inline_featured_image":false},"product_cat":[87],"product_tag":[],"aioseo_notices":[],"_links":{"self":[{"href":"https:\/\/linai.cz\/en\/wp-json\/wp\/v2\/product\/8631"}],"collection":[{"href":"https:\/\/linai.cz\/en\/wp-json\/wp\/v2\/product"}],"about":[{"href":"https:\/\/linai.cz\/en\/wp-json\/wp\/v2\/types\/product"}],"wp:featuredmedia":[{"embeddable":true,"href":"https:\/\/linai.cz\/en\/wp-json\/wp\/v2\/media\/8636"}],"wp:attachment":[{"href":"https:\/\/linai.cz\/en\/wp-json\/wp\/v2\/media?parent=8631"}],"wp:term":[{"taxonomy":"product_cat","embeddable":true,"href":"https:\/\/linai.cz\/en\/wp-json\/wp\/v2\/product_cat?post=8631"},{"taxonomy":"product_tag","embeddable":true,"href":"https:\/\/linai.cz\/en\/wp-json\/wp\/v2\/product_tag?post=8631"}],"curies":[{"name":"wp","href":"https:\/\/api.w.org\/{rel}","templated":true}]}}