{"id":8649,"date":"2026-04-17T09:54:08","date_gmt":"2026-04-17T09:54:08","guid":{"rendered":"https:\/\/linai.cz\/?post_type=product&#038;p=8649"},"modified":"2026-04-17T10:07:12","modified_gmt":"2026-04-17T10:07:12","slug":"lneny-ubrus-husy","status":"publish","type":"product","link":"https:\/\/linai.cz\/en\/product\/linen-tablecloth-geese\/","title":{"rendered":"Linen tablecloth Geese"},"content":{"rendered":"<p><\/p>\n<pre id=\"tw-target-text\" class=\"tw-data-text tw-text-large tw-ta\" dir=\"ltr\" tabindex=\"-1\" role=\"text\" data-placeholder=\"P\u0159eklad\" data-ved=\"2ahUKEwizqdGPx_STAxXU9wIHHc0PDxIQ3ewLegQIDBAV\" aria-label=\"P\u0159elo\u017een\u00fd text: For all lovers of the country atmosphere!\r\n\r\nLinen tablecloth with a delicate print of geese for homestead enthusiasts. The tablecloth is suitable for a cottage, a family gathering, but especially for a festive table on St. Martin's Day.\r\n\r\nMaterial - 100% linen.\r\n\r\nMachine washable at 40 \u00b0C.\"><span class=\"Y2IQFc\" lang=\"en\">For all lovers of the country atmosphere!\r\n\r\nLinen tablecloth with a delicate print of geese for homestead enthusiasts. The tablecloth is suitable for a cottage, a family gathering, but especially for a festive table on St. Martin's Day.\r\n\r\nMaterial - 100% linen.\r\n\r\nMachine washable at 40 \u00b0C.<\/span><\/pre>\n<p>&nbsp;<\/p>","protected":false},"excerpt":{"rendered":"<p>We believe that 100% only with its beautiful structure of the material will be the decoration of every family dinner or celebration.<\/p>\n","protected":false},"featured_media":8660,"template":"","meta":{"inline_featured_image":false},"product_cat":[87],"product_tag":[],"aioseo_notices":[],"_links":{"self":[{"href":"https:\/\/linai.cz\/en\/wp-json\/wp\/v2\/product\/8649"}],"collection":[{"href":"https:\/\/linai.cz\/en\/wp-json\/wp\/v2\/product"}],"about":[{"href":"https:\/\/linai.cz\/en\/wp-json\/wp\/v2\/types\/product"}],"wp:featuredmedia":[{"embeddable":true,"href":"https:\/\/linai.cz\/en\/wp-json\/wp\/v2\/media\/8660"}],"wp:attachment":[{"href":"https:\/\/linai.cz\/en\/wp-json\/wp\/v2\/media?parent=8649"}],"wp:term":[{"taxonomy":"product_cat","embeddable":true,"href":"https:\/\/linai.cz\/en\/wp-json\/wp\/v2\/product_cat?post=8649"},{"taxonomy":"product_tag","embeddable":true,"href":"https:\/\/linai.cz\/en\/wp-json\/wp\/v2\/product_tag?post=8649"}],"curies":[{"name":"wp","href":"https:\/\/api.w.org\/{rel}","templated":true}]}}