{"id":8667,"date":"2026-04-17T10:08:47","date_gmt":"2026-04-17T10:08:47","guid":{"rendered":"https:\/\/linai.cz\/?post_type=product&#038;p=8667"},"modified":"2026-04-17T10:48:52","modified_gmt":"2026-04-17T10:48:52","slug":"lneny-ubrus-estate","status":"publish","type":"product","link":"https:\/\/linai.cz\/en\/product\/linen-tablecloth-estate\/","title":{"rendered":"Linen tablecloth Estate"},"content":{"rendered":"<p><\/p>\n<pre id=\"tw-target-text\" class=\"tw-data-text tw-text-large tw-ta\" dir=\"ltr\" tabindex=\"-1\" role=\"text\" data-placeholder=\"P\u0159eklad\" data-ved=\"2ahUKEwizqdGPx_STAxXU9wIHHc0PDxIQ3ewLegQIDBAV\" aria-label=\"P\u0159elo\u017een\u00fd text: For all cheerful and playful natures!\r\n\r\nA linen tablecloth with a distinctive red stripe print will become a part of your summer. If you like a playful style and are not afraid of colors, this tablecloth is perfect for you. For the daring, there is also a set of striped placemats, which we also offer.\r\n\r\nMaterial - 100% linen.\r\n\r\nMachine washable at 40 \u00b0C.\"><span class=\"Y2IQFc\" lang=\"en\">For all cheerful and playful natures!\r\n\r\nA linen tablecloth with a distinctive red stripe print will become a part of your summer. If you like a playful style and are not afraid of colors, this tablecloth is perfect for you. For the daring, there is also a set of striped placemats, which we also offer.\r\n\r\nMaterial - 100% linen.\r\n\r\nMachine washable at 40 \u00b0C.<\/span><\/pre>\n<p>&nbsp;<\/p>","protected":false},"excerpt":{"rendered":"<p>We believe that 100% only with its beautiful structure of the material will be the decoration of every family dinner or celebration.<\/p>\n","protected":false},"featured_media":8677,"template":"","meta":{"inline_featured_image":false},"product_cat":[87],"product_tag":[],"aioseo_notices":[],"_links":{"self":[{"href":"https:\/\/linai.cz\/en\/wp-json\/wp\/v2\/product\/8667"}],"collection":[{"href":"https:\/\/linai.cz\/en\/wp-json\/wp\/v2\/product"}],"about":[{"href":"https:\/\/linai.cz\/en\/wp-json\/wp\/v2\/types\/product"}],"wp:featuredmedia":[{"embeddable":true,"href":"https:\/\/linai.cz\/en\/wp-json\/wp\/v2\/media\/8677"}],"wp:attachment":[{"href":"https:\/\/linai.cz\/en\/wp-json\/wp\/v2\/media?parent=8667"}],"wp:term":[{"taxonomy":"product_cat","embeddable":true,"href":"https:\/\/linai.cz\/en\/wp-json\/wp\/v2\/product_cat?post=8667"},{"taxonomy":"product_tag","embeddable":true,"href":"https:\/\/linai.cz\/en\/wp-json\/wp\/v2\/product_tag?post=8667"}],"curies":[{"name":"wp","href":"https:\/\/api.w.org\/{rel}","templated":true}]}}