{"id":8716,"date":"2026-04-17T11:25:04","date_gmt":"2026-04-17T11:25:04","guid":{"rendered":"https:\/\/linai.cz\/?post_type=product&#038;p=8716"},"modified":"2026-04-17T11:33:26","modified_gmt":"2026-04-17T11:33:26","slug":"lnene-prostirani-estate","status":"publish","type":"product","link":"https:\/\/linai.cz\/en\/product\/linen-placemats-estate\/","title":{"rendered":"Linen placemats Estate"},"content":{"rendered":"<p><\/p>\n<pre id=\"tw-target-text\" class=\"tw-data-text tw-text-large tw-ta\" dir=\"ltr\" tabindex=\"-1\" role=\"text\" data-placeholder=\"P\u0159eklad\" data-ved=\"2ahUKEwizqdGPx_STAxXU9wIHHc0PDxIQ3ewLegQIDBAV\" aria-label=\"P\u0159elo\u017een\u00fd text: For all cheerful and playful natures!\r\n\r\nLinen placemats with a distinctive print of colorful stripes will become a part of your summer. Those who like a playful style and are not afraid of colors, these napkins are perfect for them. For the daring, there is also a striped tablecloth, which we also offer.\r\n\r\nDimensions - 35x45 cm green placemat\r\n\r\nDimensions - 30x40 cm orange\r\n\r\nMaterial - 100% linen.\r\n\r\nMachine washable at 40 \u00b0C.\r\nPrice for 4 pcs\"><span class=\"Y2IQFc\" lang=\"en\">For all cheerful and playful natures!\r\n\r\nLinen placemats with a distinctive print of colorful stripes will become a part of your summer. Those who like a playful style and are not afraid of colors, these napkins are perfect for them. For the daring, there is also a striped tablecloth, which we also offer.\r\n\r\nDimensions - 35x45 cm green placemat\r\n\r\nDimensions - 30x40 cm orange\r\n\r\nMaterial - 100% linen.\r\n\r\nMachine washable at 40 \u00b0C.\r\nPrice for 4 pcs<\/span><\/pre>\n<p><\/p>","protected":false},"excerpt":{"rendered":"<p>For all cheerful and playful natures! Linen placemats with a distinctive print of colorful stripes will become a part of your summer. Those who like a playful style and are not afraid of colors, these napkins are perfect for them. For the daring, there is also a striped tablecloth, which we also offer. Dimensions &#8211; [&hellip;]<\/p>\n","protected":false},"featured_media":8679,"template":"","meta":{"inline_featured_image":false},"product_cat":[88],"product_tag":[],"aioseo_notices":[],"_links":{"self":[{"href":"https:\/\/linai.cz\/en\/wp-json\/wp\/v2\/product\/8716"}],"collection":[{"href":"https:\/\/linai.cz\/en\/wp-json\/wp\/v2\/product"}],"about":[{"href":"https:\/\/linai.cz\/en\/wp-json\/wp\/v2\/types\/product"}],"wp:featuredmedia":[{"embeddable":true,"href":"https:\/\/linai.cz\/en\/wp-json\/wp\/v2\/media\/8679"}],"wp:attachment":[{"href":"https:\/\/linai.cz\/en\/wp-json\/wp\/v2\/media?parent=8716"}],"wp:term":[{"taxonomy":"product_cat","embeddable":true,"href":"https:\/\/linai.cz\/en\/wp-json\/wp\/v2\/product_cat?post=8716"},{"taxonomy":"product_tag","embeddable":true,"href":"https:\/\/linai.cz\/en\/wp-json\/wp\/v2\/product_tag?post=8716"}],"curies":[{"name":"wp","href":"https:\/\/api.w.org\/{rel}","templated":true}]}}